{"id":1333,"date":"2026-04-14T22:33:00","date_gmt":"2026-04-14T20:33:00","guid":{"rendered":"https:\/\/tsang-cloud.com\/?page_id=1333"},"modified":"2026-04-14T23:18:44","modified_gmt":"2026-04-14T21:18:44","slug":"imprint","status":"publish","type":"page","link":"https:\/\/tsang-cloud.com\/de\/imprint\/","title":{"rendered":"Impressum"},"content":{"rendered":"<h3 class=\"wp-block-heading\"><strong>Angaben gem\u00e4\u00df \u00a7 5 TMG<\/strong><\/h3>\n\n\n\n<p>Verantwortlich f\u00fcr den Inhalt nach \u00a7 55 Abs. 2 RStV:<br><br>Steven Yuen Fay Tsang<br>Friedrich-Offermann-Stra\u00dfe 61<br>51429 Bergisch Gladbach<br>Deutschland<\/p>\n\n\n\n<h3 class=\"wp-block-heading\">Kontakt<\/h3>\n\n\n\n<p>E-Mail: yuenfay@gmail.com<\/p>\n\n\n\n<h3 class=\"wp-block-heading\">Verantwortlichkeit<\/h3>\n\n\n\n<p>Die Website wird von einer Privatperson betrieben. Sie dient ausschlie\u00dflich Informationszwecken und verfolgt keine kommerziellen Interessen.<\/p>\n\n\n\n<h3 class=\"wp-block-heading\"><strong>Haftung f\u00fcr Inhalte<\/strong><\/h3>\n\n\n\n<p>Als Diensteanbieter sind wir gem\u00e4\u00df \u00a7 7 Abs.1 TMG f\u00fcr eigene Inhalte auf diesen Seiten nach den allgemeinen Gesetzen verantwortlich.<br>Nach \u00a7\u00a7 8 bis 10 TMG sind wir als Diensteanbieter jedoch nicht verpflichtet, \u00fcbermittelte oder gespeicherte fremde Informationen zu \u00fcberwachen.<br><br>Verpflichtungen zur Entfernung oder Sperrung der Nutzung von Informationen nach den allgemeinen Gesetzen bleiben hiervon unber\u00fchrt.<\/p>\n\n\n\n<h3 class=\"wp-block-heading\"><strong>Haftung f\u00fcr Links<\/strong><\/h3>\n\n\n\n<p>Unsere Website enth\u00e4lt keine externen Links zu Webseiten Dritter.<br>Sollten zuk\u00fcnftig externe Links eingebunden werden, \u00fcbernehmen wir f\u00fcr deren Inhalte keine Haftung.<\/p>\n\n\n\n<h2 class=\"wp-block-heading\"><strong>Urheberrecht<\/strong><\/h2>\n\n\n\n<p>Die durch den Seitenbetreiber erstellten Inhalte und Werke auf diesen Seiten unterliegen dem deutschen Urheberrecht.<br>Beitr\u00e4ge Dritter sind als solche gekennzeichnet.<br><br>Die Vervielf\u00e4ltigung, Bearbeitung und Verbreitung au\u00dferhalb der Grenzen des Urheberrechtes bed\u00fcrfen der schriftlichen Zustimmung des jeweiligen Autors bzw. Erstellers.<\/p>\n\n\n\n<h3 class=\"wp-block-heading\">Hinweis<\/h3>\n\n\n\n<p>Da diese Website privat betrieben wird und keine personenbezogenen Daten verarbeitet werden, beschr\u00e4nkt sich die Datenerhebung auf das technisch notwendige Minimum.<\/p>\n\n\n\n<h3 class=\"wp-block-heading\"><strong>Streitbeilegung<\/strong><\/h3>\n\n\n\n<p>Die Europ\u00e4ische Kommission stellt eine Plattform zur Online-Streitbeilegung (OS) bereit:<br><a href=\"https:\/\/ec.europa.eu\/consumers\/odr\">https:\/\/ec.europa.eu\/consumers\/odr<\/a><br><br>Wir sind nicht verpflichtet und nicht bereit, an Streitbeilegungsverfahren vor einer Verbraucherschlichtungsstelle teilzunehmen.<\/p>\n\n\n\n<h3 class=\"wp-block-heading\">Stand<\/h3>\n\n\n\n<p>14.04.2026<\/p>","protected":false},"excerpt":{"rendered":"<p>Information in accordance with Section 5 TMG Responsible for content pursuant to Section 55 (2) RStV: Steven Yuen Fay TsangFriedrich-Offermann-Stra\u00dfe 6151429 Bergisch GladbachDeutschland Contact E-Mail: yuenfay@gmail.com Responsibility This website is operated by a private individual. It serves informational purposes only and does not pursue any commercial interests. Liability for Content As a service provider, we&#8230;<\/p>","protected":false},"author":1,"featured_media":0,"parent":0,"menu_order":0,"comment_status":"closed","ping_status":"closed","template":"","meta":{"_kadence_starter_templates_imported_post":false,"_kad_post_transparent":"","_kad_post_title":"","_kad_post_layout":"","_kad_post_sidebar_id":"","_kad_post_content_style":"","_kad_post_vertical_padding":"","_kad_post_feature":"","_kad_post_feature_position":"","_kad_post_header":false,"_kad_post_footer":false,"_kad_post_classname":"","footnotes":""},"class_list":["post-1333","page","type-page","status-publish","hentry"],"yoast_head":"<!-- This site is optimized with the Yoast SEO plugin v27.4 - https:\/\/yoast.com\/product\/yoast-seo-wordpress\/ -->\n<title>Imprint - tsang-cloud.com<\/title>\n<meta name=\"description\" content=\"Imprint \/ Impressum\" \/>\n<meta name=\"robots\" content=\"index, follow, max-snippet:-1, max-image-preview:large, max-video-preview:-1\" \/>\n<link rel=\"canonical\" href=\"https:\/\/tsang-cloud.com\/de\/imprint\/\" \/>\n<meta property=\"og:locale\" content=\"de_DE\" \/>\n<meta property=\"og:type\" content=\"article\" \/>\n<meta property=\"og:title\" content=\"Imprint - tsang-cloud.com\" \/>\n<meta property=\"og:description\" content=\"Imprint \/ Impressum\" \/>\n<meta property=\"og:url\" content=\"https:\/\/tsang-cloud.com\/de\/imprint\/\" \/>\n<meta property=\"og:site_name\" content=\"tsang-cloud.com\" \/>\n<meta property=\"article:modified_time\" content=\"2026-04-14T21:18:44+00:00\" \/>\n<meta name=\"twitter:card\" content=\"summary_large_image\" \/>\n<meta name=\"twitter:label1\" content=\"Gesch\u00e4tzte Lesezeit\" \/>\n\t<meta name=\"twitter:data1\" content=\"2\u00a0Minuten\" \/>\n<script type=\"application\/ld+json\" class=\"yoast-schema-graph\">{\"@context\":\"https:\\\/\\\/schema.org\",\"@graph\":[{\"@type\":\"WebPage\",\"@id\":\"https:\\\/\\\/tsang-cloud.com\\\/imprint\\\/\",\"url\":\"https:\\\/\\\/tsang-cloud.com\\\/imprint\\\/\",\"name\":\"Imprint - tsang-cloud.com\",\"isPartOf\":{\"@id\":\"https:\\\/\\\/tsang-cloud.com\\\/#website\"},\"datePublished\":\"2026-04-14T20:33:00+00:00\",\"dateModified\":\"2026-04-14T21:18:44+00:00\",\"description\":\"Imprint \\\/ Impressum\",\"breadcrumb\":{\"@id\":\"https:\\\/\\\/tsang-cloud.com\\\/imprint\\\/#breadcrumb\"},\"inLanguage\":\"de\",\"potentialAction\":[{\"@type\":\"ReadAction\",\"target\":[\"https:\\\/\\\/tsang-cloud.com\\\/imprint\\\/\"]}]},{\"@type\":\"BreadcrumbList\",\"@id\":\"https:\\\/\\\/tsang-cloud.com\\\/imprint\\\/#breadcrumb\",\"itemListElement\":[{\"@type\":\"ListItem\",\"position\":1,\"name\":\"Home\",\"item\":\"https:\\\/\\\/tsang-cloud.com\\\/\"},{\"@type\":\"ListItem\",\"position\":2,\"name\":\"Imprint\"}]},{\"@type\":\"WebSite\",\"@id\":\"https:\\\/\\\/tsang-cloud.com\\\/#website\",\"url\":\"https:\\\/\\\/tsang-cloud.com\\\/\",\"name\":\"tsang-cloud.com\",\"description\":\"\",\"potentialAction\":[{\"@type\":\"SearchAction\",\"target\":{\"@type\":\"EntryPoint\",\"urlTemplate\":\"https:\\\/\\\/tsang-cloud.com\\\/?s={search_term_string}\"},\"query-input\":{\"@type\":\"PropertyValueSpecification\",\"valueRequired\":true,\"valueName\":\"search_term_string\"}}],\"inLanguage\":\"de\"}]}<\/script>\n<!-- \/ Yoast SEO plugin. -->","yoast_head_json":{"title":"Imprint - tsang-cloud.com","description":"Imprint \/ Impressum","robots":{"index":"index","follow":"follow","max-snippet":"max-snippet:-1","max-image-preview":"max-image-preview:large","max-video-preview":"max-video-preview:-1"},"canonical":"https:\/\/tsang-cloud.com\/de\/imprint\/","og_locale":"de_DE","og_type":"article","og_title":"Imprint - tsang-cloud.com","og_description":"Imprint \/ Impressum","og_url":"https:\/\/tsang-cloud.com\/de\/imprint\/","og_site_name":"tsang-cloud.com","article_modified_time":"2026-04-14T21:18:44+00:00","twitter_card":"summary_large_image","twitter_misc":{"Gesch\u00e4tzte Lesezeit":"2\u00a0Minuten"},"schema":{"@context":"https:\/\/schema.org","@graph":[{"@type":"WebPage","@id":"https:\/\/tsang-cloud.com\/imprint\/","url":"https:\/\/tsang-cloud.com\/imprint\/","name":"Imprint - tsang-cloud.com","isPartOf":{"@id":"https:\/\/tsang-cloud.com\/#website"},"datePublished":"2026-04-14T20:33:00+00:00","dateModified":"2026-04-14T21:18:44+00:00","description":"Imprint \/ Impressum","breadcrumb":{"@id":"https:\/\/tsang-cloud.com\/imprint\/#breadcrumb"},"inLanguage":"de","potentialAction":[{"@type":"ReadAction","target":["https:\/\/tsang-cloud.com\/imprint\/"]}]},{"@type":"BreadcrumbList","@id":"https:\/\/tsang-cloud.com\/imprint\/#breadcrumb","itemListElement":[{"@type":"ListItem","position":1,"name":"Home","item":"https:\/\/tsang-cloud.com\/"},{"@type":"ListItem","position":2,"name":"Imprint"}]},{"@type":"WebSite","@id":"https:\/\/tsang-cloud.com\/#website","url":"https:\/\/tsang-cloud.com\/","name":"tsang-cloud.com","description":"","potentialAction":[{"@type":"SearchAction","target":{"@type":"EntryPoint","urlTemplate":"https:\/\/tsang-cloud.com\/?s={search_term_string}"},"query-input":{"@type":"PropertyValueSpecification","valueRequired":true,"valueName":"search_term_string"}}],"inLanguage":"de"}]}},"_links":{"self":[{"href":"https:\/\/tsang-cloud.com\/de\/wp-json\/wp\/v2\/pages\/1333","targetHints":{"allow":["GET"]}}],"collection":[{"href":"https:\/\/tsang-cloud.com\/de\/wp-json\/wp\/v2\/pages"}],"about":[{"href":"https:\/\/tsang-cloud.com\/de\/wp-json\/wp\/v2\/types\/page"}],"author":[{"embeddable":true,"href":"https:\/\/tsang-cloud.com\/de\/wp-json\/wp\/v2\/users\/1"}],"replies":[{"embeddable":true,"href":"https:\/\/tsang-cloud.com\/de\/wp-json\/wp\/v2\/comments?post=1333"}],"version-history":[{"count":7,"href":"https:\/\/tsang-cloud.com\/de\/wp-json\/wp\/v2\/pages\/1333\/revisions"}],"predecessor-version":[{"id":1351,"href":"https:\/\/tsang-cloud.com\/de\/wp-json\/wp\/v2\/pages\/1333\/revisions\/1351"}],"wp:attachment":[{"href":"https:\/\/tsang-cloud.com\/de\/wp-json\/wp\/v2\/media?parent=1333"}],"curies":[{"name":"wp","href":"https:\/\/api.w.org\/{rel}","templated":true}]}}