{"id":3,"date":"2026-03-28T08:44:10","date_gmt":"2026-03-28T07:44:10","guid":{"rendered":"http:\/\/tsang-cloud.com\/?page_id=3"},"modified":"2026-04-14T23:18:06","modified_gmt":"2026-04-14T21:18:06","slug":"privacy","status":"publish","type":"page","link":"https:\/\/tsang-cloud.com\/de\/privacy\/","title":{"rendered":"Datenschutzerkl\u00e4rung"},"content":{"rendered":"<h2 class=\"wp-block-heading\">Allgemeine Hinweise<\/h2>\n\n\n\n<p>Der Schutz Ihrer pers\u00f6nlichen Daten ist uns ein wichtiges Anliegen. Wir behandeln Ihre Daten vertraulich und entsprechend den gesetzlichen Datenschutzvorschriften, insbesondere der Datenschutz-Grundverordnung (DSGVO), sowie dieser Datenschutzerkl\u00e4rung.<br><br>Die Nutzung der Website tsang-cloud.com ist in der Regel ohne Angabe personenbezogener Daten m\u00f6glich.<\/p>\n\n\n\n<h2 class=\"wp-block-heading\"><strong>Verantwortliche Stelle<\/strong><\/h2>\n\n\n\n<p>Die verantwortliche Stelle f\u00fcr die Datenverarbeitung auf dieser Website ist:<br><br>Steven Yuen Fay Tsang<br>Freidrich-Offermann-Stra\u00dfe 61<br>51429 Bergisch Gladbach<br>yuenfay@gmail.com<\/p>\n\n\n\n<h2 class=\"wp-block-heading\"><strong>Erhebung und Verarbeitung von Daten<\/strong><\/h2>\n\n\n\n<p>Auf dieser Website werden grunds\u00e4tzlich keine personenbezogenen Daten erhoben, verarbeitet oder an Dritte weitergegeben.<\/p>\n\n\n\n<h2 class=\"wp-block-heading\"><strong>Server Log-Dateien<\/strong><\/h2>\n\n\n\n<p>Die Website erhebt und speichert automatisch Informationen in sogenannten Server-Log-Dateien, die Ihr Browser automatisch \u00fcbermittelt. Dies sind:<br><br>\u2022 Browsertyp und Browserversion<br>\u2022 verwendetes Betriebssystem<br>\u2022 Referrer URL<br>\u2022 Hostname des zugreifenden Rechners<br>\u2022 Uhrzeit der Serveranfrage<br>\u2022 IP-Adresse<br><br>Diese Daten sind nicht bestimmten Personen zuordenbar. Eine Zusammenf\u00fchrung dieser Daten mit anderen Datenquellen wird nicht vorgenommen.<br>Diese Log-Dateien werden automatisch nach einem Zeitraum von 14 Tagen gel\u00f6scht.<\/p>\n\n\n\n<h2 class=\"wp-block-heading\"><strong>Einsatz von WP-Statistics<\/strong><\/h2>\n\n\n\n<p>Diese Website nutzt das Plugin WP-Statistics, ein Webanalyse-Tool zur statistischen Auswertung der Besucherzugriffe.<br><br>Dabei gilt:<br>\u2022 Es werden keine Cookies gesetzt<br>\u2022 Besucher-IP-Adressen werden anonymisiert gespeichert<br>\u2022 Eine pers\u00f6nliche Identifizierung von Besuchern ist nicht m\u00f6glich<br>\u2022 Die Daten werden ausschlie\u00dflich zur statistischen Auswertung der Nutzung dieser Website verwendet<br><br>Eine Weitergabe der erhobenen Daten an Dritte erfolgt nicht.<\/p>\n\n\n\n<h2 class=\"wp-block-heading\"><strong>Verwendung von Google Fonts (lokal)<\/strong><\/h2>\n\n\n\n<p>Auf dieser Website werden Schriftarten von Google Fonts verwendet. Diese sind lokal auf unserem Server eingebunden.<br>Dadurch findet keine Verbindung zu Servern von Google statt und es werden keine Daten an Google \u00fcbertragen.<\/p>\n\n\n\n<h2 class=\"wp-block-heading\">Ihre Rechte<\/h2>\n\n\n\n<p>Sie haben im Rahmen der geltenden gesetzlichen Bestimmungen jederzeit das Recht auf:<br><br>\u2022 Auskunft \u00fcber Ihre gespeicherten Daten<br>\u2022 Berichtigung unrichtiger Daten<br>\u2022 L\u00f6schung Ihrer Daten<br>\u2022 Einschr\u00e4nkung der Verarbeitung<br>\u2022 Widerspruch gegen die Verarbeitung<br><br>Da auf dieser Website keine personenbezogenen Daten verarbeitet werden, sind diese Rechte in der Praxis jedoch eingeschr\u00e4nkt anwendbar.<\/p>\n\n\n\n<h2 class=\"wp-block-heading\"><strong>Beschwerderecht bei der Aufsichtsbeh\u00f6rde<\/strong><\/h2>\n\n\n\n<p>Sie haben das Recht, sich bei einer Datenschutz-Aufsichtsbeh\u00f6rde \u00fcber die Verarbeitung Ihrer personenbezogenen Daten zu beschweren.<\/p>\n\n\n\n<h2 class=\"wp-block-heading\"><strong>Aktualit\u00e4t und \u00c4nderung dieser Datenschutzerkl\u00e4rung<\/strong><\/h2>\n\n\n\n<p>Diese Datenschutzerkl\u00e4rung ist aktuell g\u00fcltig und hat den Stand: 14.04.2026<br><br>Wir behalten uns vor, diese Datenschutzerkl\u00e4rung bei Bedarf anzupassen, um sie an ge\u00e4nderte rechtliche Anforderungen oder \u00c4nderungen unserer Leistungen anzupassen.<\/p>","protected":false},"excerpt":{"rendered":"<p>General Information The protection of your personal data is very important to us. We treat your data confidentially and in accordance with the applicable data protection regulations, in particular the General Data Protection Regulation (GDPR), as well as this privacy policy. The use of the website tsang-cloud.com is generally possible without providing personal data. Responsible&#8230;<\/p>","protected":false},"author":1,"featured_media":0,"parent":0,"menu_order":0,"comment_status":"closed","ping_status":"open","template":"","meta":{"_kadence_starter_templates_imported_post":false,"_kad_post_transparent":"","_kad_post_title":"","_kad_post_layout":"","_kad_post_sidebar_id":"","_kad_post_content_style":"","_kad_post_vertical_padding":"","_kad_post_feature":"","_kad_post_feature_position":"","_kad_post_header":false,"_kad_post_footer":false,"_kad_post_classname":"","footnotes":""},"class_list":["post-3","page","type-page","status-publish","hentry"],"yoast_head":"<!-- This site is optimized with the Yoast SEO plugin v27.4 - https:\/\/yoast.com\/product\/yoast-seo-wordpress\/ -->\n<title>Privacy Policy - tsang-cloud.com<\/title>\n<meta name=\"description\" content=\"Tsang-cloud.com Privacy Policy \/ Datenschutzerkl\u00e4rung\" \/>\n<meta name=\"robots\" content=\"index, follow, max-snippet:-1, max-image-preview:large, max-video-preview:-1\" \/>\n<link rel=\"canonical\" href=\"https:\/\/tsang-cloud.com\/de\/privacy\/\" \/>\n<meta property=\"og:locale\" content=\"de_DE\" \/>\n<meta property=\"og:type\" content=\"article\" \/>\n<meta property=\"og:title\" content=\"Privacy Policy - tsang-cloud.com\" \/>\n<meta property=\"og:description\" content=\"Tsang-cloud.com Privacy Policy \/ Datenschutzerkl\u00e4rung\" \/>\n<meta property=\"og:url\" content=\"https:\/\/tsang-cloud.com\/de\/privacy\/\" \/>\n<meta property=\"og:site_name\" content=\"tsang-cloud.com\" \/>\n<meta property=\"article:modified_time\" content=\"2026-04-14T21:18:06+00:00\" \/>\n<meta name=\"twitter:card\" content=\"summary_large_image\" \/>\n<meta name=\"twitter:label1\" content=\"Gesch\u00e4tzte Lesezeit\" \/>\n\t<meta name=\"twitter:data1\" content=\"2\u00a0Minuten\" \/>\n<script type=\"application\/ld+json\" class=\"yoast-schema-graph\">{\"@context\":\"https:\\\/\\\/schema.org\",\"@graph\":[{\"@type\":\"WebPage\",\"@id\":\"https:\\\/\\\/tsang-cloud.com\\\/privacy\\\/\",\"url\":\"https:\\\/\\\/tsang-cloud.com\\\/privacy\\\/\",\"name\":\"Privacy Policy - tsang-cloud.com\",\"isPartOf\":{\"@id\":\"https:\\\/\\\/tsang-cloud.com\\\/#website\"},\"datePublished\":\"2026-03-28T07:44:10+00:00\",\"dateModified\":\"2026-04-14T21:18:06+00:00\",\"description\":\"Tsang-cloud.com Privacy Policy \\\/ Datenschutzerkl\u00e4rung\",\"breadcrumb\":{\"@id\":\"https:\\\/\\\/tsang-cloud.com\\\/privacy\\\/#breadcrumb\"},\"inLanguage\":\"de\",\"potentialAction\":[{\"@type\":\"ReadAction\",\"target\":[\"https:\\\/\\\/tsang-cloud.com\\\/privacy\\\/\"]}]},{\"@type\":\"BreadcrumbList\",\"@id\":\"https:\\\/\\\/tsang-cloud.com\\\/privacy\\\/#breadcrumb\",\"itemListElement\":[{\"@type\":\"ListItem\",\"position\":1,\"name\":\"Home\",\"item\":\"https:\\\/\\\/tsang-cloud.com\\\/\"},{\"@type\":\"ListItem\",\"position\":2,\"name\":\"Privacy Policy\"}]},{\"@type\":\"WebSite\",\"@id\":\"https:\\\/\\\/tsang-cloud.com\\\/#website\",\"url\":\"https:\\\/\\\/tsang-cloud.com\\\/\",\"name\":\"tsang-cloud.com\",\"description\":\"\",\"potentialAction\":[{\"@type\":\"SearchAction\",\"target\":{\"@type\":\"EntryPoint\",\"urlTemplate\":\"https:\\\/\\\/tsang-cloud.com\\\/?s={search_term_string}\"},\"query-input\":{\"@type\":\"PropertyValueSpecification\",\"valueRequired\":true,\"valueName\":\"search_term_string\"}}],\"inLanguage\":\"de\"}]}<\/script>\n<!-- \/ Yoast SEO plugin. -->","yoast_head_json":{"title":"Privacy Policy - tsang-cloud.com","description":"Tsang-cloud.com Privacy Policy \/ Datenschutzerkl\u00e4rung","robots":{"index":"index","follow":"follow","max-snippet":"max-snippet:-1","max-image-preview":"max-image-preview:large","max-video-preview":"max-video-preview:-1"},"canonical":"https:\/\/tsang-cloud.com\/de\/privacy\/","og_locale":"de_DE","og_type":"article","og_title":"Privacy Policy - tsang-cloud.com","og_description":"Tsang-cloud.com Privacy Policy \/ Datenschutzerkl\u00e4rung","og_url":"https:\/\/tsang-cloud.com\/de\/privacy\/","og_site_name":"tsang-cloud.com","article_modified_time":"2026-04-14T21:18:06+00:00","twitter_card":"summary_large_image","twitter_misc":{"Gesch\u00e4tzte Lesezeit":"2\u00a0Minuten"},"schema":{"@context":"https:\/\/schema.org","@graph":[{"@type":"WebPage","@id":"https:\/\/tsang-cloud.com\/privacy\/","url":"https:\/\/tsang-cloud.com\/privacy\/","name":"Privacy Policy - tsang-cloud.com","isPartOf":{"@id":"https:\/\/tsang-cloud.com\/#website"},"datePublished":"2026-03-28T07:44:10+00:00","dateModified":"2026-04-14T21:18:06+00:00","description":"Tsang-cloud.com Privacy Policy \/ Datenschutzerkl\u00e4rung","breadcrumb":{"@id":"https:\/\/tsang-cloud.com\/privacy\/#breadcrumb"},"inLanguage":"de","potentialAction":[{"@type":"ReadAction","target":["https:\/\/tsang-cloud.com\/privacy\/"]}]},{"@type":"BreadcrumbList","@id":"https:\/\/tsang-cloud.com\/privacy\/#breadcrumb","itemListElement":[{"@type":"ListItem","position":1,"name":"Home","item":"https:\/\/tsang-cloud.com\/"},{"@type":"ListItem","position":2,"name":"Privacy Policy"}]},{"@type":"WebSite","@id":"https:\/\/tsang-cloud.com\/#website","url":"https:\/\/tsang-cloud.com\/","name":"tsang-cloud.com","description":"","potentialAction":[{"@type":"SearchAction","target":{"@type":"EntryPoint","urlTemplate":"https:\/\/tsang-cloud.com\/?s={search_term_string}"},"query-input":{"@type":"PropertyValueSpecification","valueRequired":true,"valueName":"search_term_string"}}],"inLanguage":"de"}]}},"_links":{"self":[{"href":"https:\/\/tsang-cloud.com\/de\/wp-json\/wp\/v2\/pages\/3","targetHints":{"allow":["GET"]}}],"collection":[{"href":"https:\/\/tsang-cloud.com\/de\/wp-json\/wp\/v2\/pages"}],"about":[{"href":"https:\/\/tsang-cloud.com\/de\/wp-json\/wp\/v2\/types\/page"}],"author":[{"embeddable":true,"href":"https:\/\/tsang-cloud.com\/de\/wp-json\/wp\/v2\/users\/1"}],"replies":[{"embeddable":true,"href":"https:\/\/tsang-cloud.com\/de\/wp-json\/wp\/v2\/comments?post=3"}],"version-history":[{"count":7,"href":"https:\/\/tsang-cloud.com\/de\/wp-json\/wp\/v2\/pages\/3\/revisions"}],"predecessor-version":[{"id":1350,"href":"https:\/\/tsang-cloud.com\/de\/wp-json\/wp\/v2\/pages\/3\/revisions\/1350"}],"wp:attachment":[{"href":"https:\/\/tsang-cloud.com\/de\/wp-json\/wp\/v2\/media?parent=3"}],"curies":[{"name":"wp","href":"https:\/\/api.w.org\/{rel}","templated":true}]}}